{"id":708,"date":"2019-01-26T09:00:36","date_gmt":"2019-01-26T08:00:36","guid":{"rendered":"https:\/\/woodslide.com\/testimonials\/"},"modified":"2019-02-19T15:32:44","modified_gmt":"2019-02-19T14:32:44","slug":"testimonials","status":"publish","type":"page","link":"https:\/\/woodslide.com\/en\/testimonials\/","title":{"rendered":"Testimonials"},"content":{"rendered":"[et_pb_section fb_built=&#8221;1&#8243; admin_label=&#8221;section&#8221; _builder_version=&#8221;3.19.6&#8243;][et_pb_row custom_padding=&#8221;27px|0px|70px|0px|false|false&#8221; _builder_version=&#8221;3.19.7&#8243;][et_pb_column type=&#8221;4_4&#8243; _builder_version=&#8221;3.19.7&#8243; parallax=&#8221;off&#8221; parallax_method=&#8221;on&#8221;][et_pb_text _builder_version=&#8221;3.19.7&#8243; text_font=&#8221;||||||||&#8221; header_font=&#8221;|700|||||||&#8221; header_text_color=&#8221;#4A4A4A&#8221; header_font_size=&#8221;40px&#8221; text_orientation=&#8221;center&#8221;]<h1>They play and talk about the WoodSlide<\/h1>[\/et_pb_text][\/et_pb_column][\/et_pb_row][et_pb_row admin_label=&#8221;row&#8221; _builder_version=&#8221;3.19.6&#8243; background_size=&#8221;initial&#8221; background_position=&#8221;top_left&#8221; background_repeat=&#8221;repeat&#8221;][et_pb_column type=&#8221;1_2&#8243; _builder_version=&#8221;3.0.47&#8243; parallax=&#8221;off&#8221; parallax_method=&#8221;on&#8221;][et_pb_text admin_label=&#8221;Text&#8221; _builder_version=&#8221;3.0.74&#8243; background_size=&#8221;initial&#8221; background_position=&#8221;top_left&#8221; background_repeat=&#8221;repeat&#8221;][\/et_pb_text][et_pb_text _builder_version=&#8221;3.19.6&#8243; background_color=&#8221;#F5F5F5&#8243; box_shadow_style=&#8221;preset3&#8243; custom_padding=&#8221;62px|2vw|2vw|2vw&#8221;]<p><img loading=\"lazy\" decoding=\"async\" src=\"https:\/\/woodslide.com\/wp-content\/uploads\/temoignage-01.jpg\" width=\"125\" height=\"125\" alt=\"\" class=\"wp-image-245 aligncenter size-full\" style=\"border-radius: 125px; margin-top: -125px;\" srcset=\"https:\/\/woodslide.com\/wp-content\/uploads\/temoignage-01.jpg 250w, https:\/\/woodslide.com\/wp-content\/uploads\/temoignage-01-100x100.jpg 100w, https:\/\/woodslide.com\/wp-content\/uploads\/temoignage-01-150x150.jpg 150w\" sizes=\"(max-width: 125px) 100vw, 125px\" \/><\/p>\n<p style=\"text-align: center; padding-bottom: 0px;\">Alberto Aparici<\/p>\n<hr style=\"margin: 5px auto 2px; width: 50%;\" \/>\n<p style=\"text-align: center;\">Spain<\/p>\n<p style=\"text-align: left;\">\u00ab\u00a0From the moment I had it in my hands I could see the good work of this didgeridoo. The tunings are very well achieved and its sound in all its tunings is very good I use it with other musicians and they think their sound is great. Thanks for\u00a0this great instrument.\u00a0\u00bb<\/p>[\/et_pb_text][et_pb_text _builder_version=&#8221;3.19.6&#8243; background_color=&#8221;#F5F5F5&#8243; box_shadow_style=&#8221;preset3&#8243; custom_margin=&#8221;50px||&#8221; custom_padding=&#8221;2vw|2vw|2vw|2vw&#8221;]<p style=\"text-align: center; padding-bottom: 0px;\">Lukas Eggelin<\/p>\n<hr style=\"margin: 5px auto 2px; width: 50%;\" \/>\n<p style=\"text-align: center;\">Suisse<\/p>\n<p style=\"text-align: left;\">\u00ab\u00a0I was traveling the Woodslide 3 months through Europe. Everywhere we played spontaneous jams, small concerts. That was only possible thanks to the Woodslide, because adjusting the pitch is so easy. Thank you Jean-Yves for your\u00a0masterpiece!\u00a0\u00bb<\/p>[\/et_pb_text][et_pb_text _builder_version=&#8221;3.19.6&#8243; background_color=&#8221;#F5F5F5&#8243; box_shadow_style=&#8221;preset3&#8243; custom_margin=&#8221;50px||&#8221; custom_padding=&#8221;2vw|2vw|2vw|2vw&#8221;]<p style=\"text-align: center; padding-bottom: 0px;\">Jaime D.<\/p>\n<hr style=\"margin: 5px auto 2px; width: 50%;\" \/>\n<p style=\"text-align: center;\">France<\/p>\n<p style=\"text-align: left;\">\u00ab\u00a0J\u2019ai commenc\u00e9 avec le grand mod\u00e8le woodslide qui m\u2019a permis de d\u00e9velopper mes sous vibrations en jouant en Sol grave et de muscler mes l\u00eavres en jouant en Fa.<br \/>Mon jeu a fait un bond.<br \/>Les hoots sont tellements simples que c\u2019en est ind\u00e9cent.<br \/>Je joue maintenant sur la version travel avec son poids plume je l\u2019emporte partout.<br \/>Et oui avoir plusieurs didgeridoos en un avec cette qualit\u00e9 sonore est extr\u00eamement rare (je suis adepte des didgeridoos accordables..) une puissance alli\u00e9e \u00e0 une telle clart\u00e9 des harmoniques est simplement jouissif !!!\u00a0\u00bb<\/p>[\/et_pb_text][et_pb_text _builder_version=&#8221;3.19.6&#8243; background_color=&#8221;#F5F5F5&#8243; box_shadow_style=&#8221;preset3&#8243; custom_margin=&#8221;112px||&#8221; custom_padding=&#8221;62px|2vw|2vw|2vw&#8221;]<p><img loading=\"lazy\" decoding=\"async\" src=\"https:\/\/woodslide.com\/wp-content\/uploads\/temoignage-03.jpg\" width=\"125\" height=\"125\" alt=\"\" class=\"wp-image-245 aligncenter size-full\" style=\"border-radius: 125px; margin-top: -125px;\" \/><\/p>\n<p style=\"text-align: center; padding-bottom: 0px;\">Christophe Chatel &#8211; Mr Giraph<\/p>\n<hr style=\"margin: 5px auto 2px; width: 50%;\" \/>\n<p style=\"text-align: center;\">France<\/p>\n<p style=\"text-align: left;\">\u00ab Mon Woodslide est \u00e0 la crois\u00e9e d\u2019un arc-en-ciel et d\u2019un couteau suisse. Il se transporte partout et peut servir sur tous les paliers de notes, de fr\u00e9quences et de styles musicaux.<br \/>Con\u00e7u en \u00e9troite collaboration avec le fabricant, l\u2019instrument \u00e9pouse mes intentions de jeux et surprend par sa finition parfaite ! \u00bb<\/p>[\/et_pb_text][et_pb_text _builder_version=&#8221;3.19.6&#8243; background_color=&#8221;#F5F5F5&#8243; box_shadow_style=&#8221;preset3&#8243; custom_margin=&#8221;112px||&#8221; custom_padding=&#8221;62px|2vw|2vw|2vw&#8221;]<p><img loading=\"lazy\" decoding=\"async\" src=\"https:\/\/woodslide.com\/wp-content\/uploads\/temoignage-04.jpg\" width=\"125\" height=\"125\" alt=\"\" class=\"wp-image-245 aligncenter size-full\" style=\"border-radius: 125px; margin-top: -125px;\" \/><\/p>\n<p style=\"text-align: center; padding-bottom: 0px;\">Guilhem Eolya<\/p>\n<hr style=\"margin: 5px auto 2px; width: 50%;\" \/>\n<p style=\"text-align: center;\">France<\/p>\n<p><iframe loading=\"lazy\" width=\"1080\" height=\"608\" src=\"https:\/\/www.youtube.com\/embed\/pgdymt5yNCs?feature=oembed\" frameborder=\"0\" allow=\"accelerometer; autoplay; encrypted-media; gyroscope; picture-in-picture\" allowfullscreen><\/iframe><\/p>\n<p style=\"text-align: left;\">\u00ab Joueur de Woodslide depuis 3ans, cet instrument fabriqu\u00e9 par le talentueux Jean-Yves m\u2019a vraiment permis d\u2019explorer beaucoup de facettes du Didgeridoo.<br \/> Je l\u2019utilise personnellement avec une Guitare 12 cordes, dans mon set.<br \/> Gr\u00e2ce \u00e0 ses coulisses, on peut travailler avec un didg\u2019 tr\u00e8s aigu pour bien muscler le diaphragme et les jours, ou, en version tr\u00e8s longue, travailler la finesse du jeu de l\u00e8vres !<br \/> Le fait qu\u2019il soit accordable permet de jammer avec tous les zikos, et \u00e7a c\u2019est vraiment top ! En r\u00e9sum\u00e9, un pur r\u00e9gal, que l\u2019on soit d\u00e9butant ou joueur confirm\u00e9, Woodslide est la solution ! \u00bb<\/p>[\/et_pb_text][et_pb_text _builder_version=&#8221;3.19.6&#8243; background_color=&#8221;#F5F5F5&#8243; box_shadow_style=&#8221;preset3&#8243; custom_margin=&#8221;112px||&#8221; custom_padding=&#8221;62px|2vw|2vw|2vw&#8221;]<p><img loading=\"lazy\" decoding=\"async\" src=\"https:\/\/woodslide.com\/wp-content\/uploads\/temoignage-06.jpg\" width=\"125\" height=\"125\" alt=\"\" class=\"wp-image-245 aligncenter size-full\" style=\"border-radius: 125px; margin-top: -125px;\" \/><\/p>\n<p style=\"text-align: center; padding-bottom: 0px;\">Tom\u00e1s Carro Alvite<\/p>\n<hr style=\"margin: 5px auto 2px; width: 50%;\" \/>\n<p style=\"text-align: center;\">Spain<\/p>\n<p style=\"text-align: left;\">\u00ab Hola mi nombre es Tom\u00e1s Carro Alvite!!<br \/>Llevo tocando el didgeridoo desde el a\u00f1o 2000. Tengo mi Woodslide desde el a\u00f1o 2015 y est\u00e1 es mi impresi\u00f3n sobre este fant\u00e1stico instrumento:<br \/>El Woodslide es de los mejores didgeridoos de viaje en madera que una persona pueda comprarse, tiene un drone con un buen equilibrio en graves y su relaci\u00f3n drone y tutt suele ser de una octava, lo que lo hace incre\u00edble a la hora de\u00a0tocar. Adem\u00e1s el rango de notas desde las m\u00e1s agudas a las m\u00e1s graves son fant\u00e1sticas, haciendo de este instrumento impresionante cuanto mas grave es su drone!!<br \/>Tambi\u00e9n es un instrumento que permite realizar todas las t\u00e9cnicas de didgeridoo conocidas y la presi\u00f3n en cualquier nota es muy equilibrada!! Tambi\u00e9n deciros que pod\u00e9is personalizar el tipo de maderas, haciendo \u00fanico y\u00a0personalizado.<br \/>Espero que os haya gustado mis comentario acerca de este fant\u00e1stico didgeridoo que es el Woodslide!!<br \/>Muchas gracias Jean-Yves Redor por tu maravilloso trabajo!!\u00a0\u00bb<\/p>[\/et_pb_text][\/et_pb_column][et_pb_column type=&#8221;1_2&#8243; _builder_version=&#8221;3.0.47&#8243; parallax=&#8221;off&#8221; parallax_method=&#8221;on&#8221;][et_pb_text _builder_version=&#8221;3.19.6&#8243; background_color=&#8221;#F5F5F5&#8243; box_shadow_style=&#8221;preset3&#8243; custom_margin=&#8221;112px||&#8221; custom_padding=&#8221;62px|2vw|2vw|2vw&#8221;]<p><img loading=\"lazy\" decoding=\"async\" src=\"https:\/\/woodslide.com\/wp-content\/uploads\/temoignage-07.jpg\" width=\"125\" height=\"125\" alt=\"\" class=\"wp-image-245 aligncenter size-full\" style=\"border-radius: 125px; margin-top: -125px;\" \/><\/p>\n<p style=\"text-align: center; padding-bottom: 0px;\">Fabio Glagliardi de Tupa Ruja<\/p>\n<hr style=\"margin: 5px auto 2px; width: 50%;\" \/>\n<p style=\"text-align: center;\">Italie<\/p>\n<p><iframe loading=\"lazy\" width=\"1080\" height=\"608\" src=\"https:\/\/www.youtube.com\/embed\/MPM8fwfAZWE?feature=oembed\" frameborder=\"0\" allow=\"accelerometer; autoplay; encrypted-media; gyroscope; picture-in-picture\" allowfullscreen><\/iframe><\/p>\n<p style=\"text-align: left;\">\u00ab\u00a0Just yesterday I was talking to my wife and I told her that if I came back I would buy your woodslide another hundred times!<br \/> It\u2019s a very versatile tool and it plays very well on all the notes. I love its sound on the notes \u00ab\u00a0D\u00a0\u00bb, \u00ab\u00a0C #\u00a0\u00bb, \u00ab\u00a0C\u00a0\u00bb and \u00ab\u00a0B\u00a0\u00bb, which are the ones I play the most in my songs.<br \/> it is durable, easy to disassemble and clean, and has an ideal size for traveling.<br \/> Before having a woodslide I took at least five didgeridoos for each concert. Now I bring only my woodslide and a didgeribone. Even the quality ratio with the price is really good and your professionalism and punctuality are really\u00a0impeccable.<br \/> Aesthetically it is perfect. All my students the first time they see him are stunned and want to see and hear.\u00a0\u00bb<br \/> I am attaching a photo taken during a concert of my group \u00ab\u00a0Tupa Ruja\u00a0\u00bb at the Auditorium Parco della Musica in Rome, and I send you the link to a song of that concert titled \u00ab\u00a0Como or ar do mar\u00a0\u00bb, (contained in our next album that will be\u00a0released in a few months, where I played only with your woodslide!) and an improvisation.<\/p>[\/et_pb_text][et_pb_text _builder_version=&#8221;3.19.6&#8243; background_color=&#8221;#F5F5F5&#8243; box_shadow_style=&#8221;preset3&#8243; custom_margin=&#8221;30px||&#8221; custom_padding=&#8221;2vw|2vw|2vw|2vw&#8221;]<p style=\"text-align: center; padding-bottom: 0px;\">Mathieu Vassault<\/p>\n<hr style=\"margin: 5px auto 2px; width: 50%;\" \/>\n<p style=\"text-align: center;\">France<\/p>\n<p><iframe loading=\"lazy\" width=\"1080\" height=\"608\" src=\"https:\/\/www.youtube.com\/embed\/jmipTitZmN4?feature=oembed\" frameborder=\"0\" allow=\"accelerometer; autoplay; encrypted-media; gyroscope; picture-in-picture\" allowfullscreen><\/iframe><\/p>\n<p style=\"text-align: left;\">\u00ab Je suis ravi du WoodSlide, j ai d\u00e9but\u00e9 le didg avec et \u00e0 mon avis c\u2019est comme une guitare quand tu as un bon instrument et que tu y mets le prix bien s\u00fbr tu progresses beaucoup plus facilement et rapidement.<br \/> \u00c7a fait deux ans que j\u2019ai achet\u00e9 mon WoodSlide et je ne le regrette pas du tout. J\u2019ai \u00e9norm\u00e9ment progress\u00e9, grace aussi \u00e0 son jeux qui est facile d\u2019acc\u00e8s. Un d\u00e9butant le fait sonner facilement.<br \/> Je progresse vite \u00a0grace \u00e0 la qualit\u00e9 et la facilit\u00e9 de jeux du woodslide encore merci pour ce travail ! \u00bb<\/p>[\/et_pb_text][et_pb_text _builder_version=&#8221;3.19.6&#8243; background_color=&#8221;#F5F5F5&#8243; box_shadow_style=&#8221;preset3&#8243; custom_margin=&#8221;112px||&#8221; custom_padding=&#8221;62px|2vw|2vw|2vw&#8221;]<p><img loading=\"lazy\" decoding=\"async\" src=\"https:\/\/woodslide.com\/wp-content\/uploads\/temoignage-02.jpg\" width=\"125\" height=\"125\" alt=\"\" class=\"wp-image-245 aligncenter size-full\" style=\"border-radius: 125px; margin-top: -125px;\" \/><\/p>\n<p style=\"text-align: center; padding-bottom: 0px;\">Cl\u00e9ment<\/p>\n<hr style=\"margin: 5px auto 2px; width: 50%;\" \/>\n<p style=\"text-align: center;\">France<\/p>\n<p><iframe loading=\"lazy\" width=\"1080\" height=\"608\" src=\"https:\/\/www.youtube.com\/embed\/kVzz7Swm6vM?feature=oembed\" frameborder=\"0\" allow=\"accelerometer; autoplay; encrypted-media; gyroscope; picture-in-picture\" allowfullscreen><\/iframe><\/p>\n<p style=\"text-align: left;\">\u00ab Le didgeridoo woodslide m\u2019a permis d\u2019\u00e9largir mon jeux rythmique de part l\u2019aisance sonore qu\u2019il transmet et sa pr\u00e9cision. Une praticit\u00e9 tr\u00e8s utile du fait de pouvoir changer la note de jeu. Son evantaille de sonorit\u00e9s aussi grave que aigu\u00eb permet une v\u00e9ritable expention de l\u2019instrument. il n\u2019est jamais trop loin de mes mains et que la globalit\u00e9 de se qu\u2019il peut transmettre est un r\u00e9elle \u00e9change de bonheur !<br \/> J\u2019ai avec moi ceci\u00a0\u00bb<\/p>[\/et_pb_text][et_pb_text _builder_version=&#8221;3.19.6&#8243; background_color=&#8221;#F5F5F5&#8243; box_shadow_style=&#8221;preset3&#8243; custom_margin=&#8221;112px||&#8221; custom_padding=&#8221;62px|2vw|2vw|2vw&#8221;]<p><img loading=\"lazy\" decoding=\"async\" src=\"https:\/\/woodslide.com\/wp-content\/uploads\/temoignage-05.jpg\" width=\"125\" height=\"125\" alt=\"\" class=\"wp-image-245 aligncenter size-full\" style=\"border-radius: 125px; margin-top: -125px;\" \/><\/p>\n<p style=\"text-align: center; padding-bottom: 0px;\">\u00d3scar Mart\u00edn &#8211; Rasco Nitram<\/p>\n<hr style=\"margin: 5px auto 2px; width: 50%;\" \/>\n<p><iframe loading=\"lazy\" width=\"1080\" height=\"608\" src=\"https:\/\/www.youtube.com\/embed\/videoseries?list=PLPAiq-zi1zkbhcb2z70lSLru3qtHW-GFy\" frameborder=\"0\" allow=\"accelerometer; autoplay; encrypted-media; gyroscope; picture-in-picture\" allowfullscreen><\/iframe><\/p>\n<p>\u00ab I like to play didge with other musicians playing other instruments and any music style but, before knowing Woodslide, it was sometimes a problem with the key of the song: if my didgeridoo is not tuned in the key of the song, my didge has no place in that song. That\u2019s why I thought \u00ab\u00a0Woodslide is the didgeridoo I need\u00a0\u00bb.<br \/> Now I can play always, and carrying just one didge, because my Woodslide can play an octave, don\u00b4t matter the key, don\u2019t matter 440 Hz or 432 Hz\u2026 I can tune my didge always. Have you felt the sound of two or more didgeridoos tuned exactly in the same frequency? \u00a0it\u2019s another universe. With your Woodslide you can play in the same frequency of any didge of the world. You can also tune the first trumpet in the same key as the drone sound, what is very harmonic.<br \/> Maybe you can find another didgeridoos with the same features but not with the vibes and the warmth of the sound of the wood. The didgeridoo is an instrument made of wood.\u00a0\u00bb<\/p>[\/et_pb_text][\/et_pb_column][\/et_pb_row][\/et_pb_section][et_pb_section fb_built=&#8221;1&#8243; _builder_version=&#8221;3.19.6&#8243; background_color=&#8221;#c5553f&#8221;][et_pb_row make_fullwidth=&#8221;on&#8221; custom_padding=&#8221;27px|0px|0|0px|false|false&#8221; _builder_version=&#8221;3.19.5&#8243;][et_pb_column type=&#8221;4_4&#8243; _builder_version=&#8221;3.19.5&#8243; parallax=&#8221;off&#8221; parallax_method=&#8221;on&#8221;][et_pb_text _builder_version=&#8221;3.19.6&#8243; header_font=&#8221;||||||||&#8221; header_2_font=&#8221;||||||||&#8221; header_3_font=&#8221;||||||||&#8221; header_3_text_align=&#8221;center&#8221; header_3_text_color=&#8221;#ffffff&#8221; header_3_font_size=&#8221;50px&#8221;]<h3>D\u00e9couvrez les WoodSlides disponibles !<\/h3>[\/et_pb_text][\/et_pb_column][\/et_pb_row][et_pb_row use_custom_gutter=&#8221;on&#8221; gutter_width=&#8221;1&#8243; custom_margin=&#8221;0px||0px&#8221; padding_top_bottom_link_1=&#8221;true&#8221; padding_top_bottom_link_2=&#8221;true&#8221; _builder_version=&#8221;3.19.6&#8243;][et_pb_column type=&#8221;1_2&#8243; _builder_version=&#8221;3.19.5&#8243; parallax=&#8221;off&#8221; parallax_method=&#8221;on&#8221;][et_pb_button button_text=&#8221;Voir le catalogue&#8221; button_alignment=&#8221;center&#8221; _builder_version=&#8221;3.19.7&#8243; custom_button=&#8221;on&#8221; button_text_color=&#8221;#ffffff&#8221; button_border_color=&#8221;#ffffff&#8221; button_border_radius=&#8221;9px&#8221; button_font=&#8221;||||||||&#8221; button_icon_color=&#8221;#ffffff&#8221; custom_margin=&#8221;10px||10px||true&#8221; custom_css_main_element=&#8221;min-width:90%;&#8221;][\/et_pb_button][\/et_pb_column][et_pb_column type=&#8221;1_2&#8243; _builder_version=&#8221;3.19.5&#8243; parallax=&#8221;off&#8221; parallax_method=&#8221;on&#8221;][et_pb_button button_text=&#8221;En savoir plus&#8221; button_alignment=&#8221;center&#8221; _builder_version=&#8221;3.19.7&#8243; custom_button=&#8221;on&#8221; button_text_color=&#8221;#ffffff&#8221; button_border_color=&#8221;#ffffff&#8221; button_border_radius=&#8221;9px&#8221; button_font=&#8221;||||||||&#8221; button_icon_color=&#8221;#ffffff&#8221; custom_margin=&#8221;10px||10px&#8221; custom_css_main_element=&#8221;min-width:90%;&#8221;][\/et_pb_button][\/et_pb_column][\/et_pb_row][\/et_pb_section]","protected":false},"excerpt":{"rendered":"<p>They play and talk about the WoodSlide Alberto Aparici Spain \u00ab\u00a0From the moment I had it in my hands I could see the good work of this didgeridoo. The tunings are very well achieved and its sound in all its tunings is very good I use it with other musicians and they think their sound [&hellip;]<\/p>\n","protected":false},"author":1,"featured_media":0,"parent":0,"menu_order":0,"comment_status":"closed","ping_status":"closed","template":"","meta":{"_et_pb_use_builder":"on","_et_pb_old_content":"<!-- wp:divi\/placeholder \/-->","_et_gb_content_width":"","footnotes":""},"class_list":["post-708","page","type-page","status-publish","hentry"],"yoast_head":"<!-- This site is optimized with the Yoast SEO plugin v27.5 - https:\/\/yoast.com\/product\/yoast-seo-wordpress\/ -->\n<title>Testimonials - Woodslide<\/title>\n<meta name=\"robots\" content=\"index, follow, max-snippet:-1, max-image-preview:large, max-video-preview:-1\" \/>\n<link rel=\"canonical\" href=\"https:\/\/woodslide.com\/en\/testimonials\/\" \/>\n<meta property=\"og:locale\" content=\"en_US\" \/>\n<meta property=\"og:type\" content=\"article\" \/>\n<meta property=\"og:title\" content=\"Testimonials - Woodslide\" \/>\n<meta property=\"og:description\" content=\"They play and talk about the WoodSlide Alberto Aparici Spain \u00ab\u00a0From the moment I had it in my hands I could see the good work of this didgeridoo. The tunings are very well achieved and its sound in all its tunings is very good I use it with other musicians and they think their sound [&hellip;]\" \/>\n<meta property=\"og:url\" content=\"https:\/\/woodslide.com\/en\/testimonials\/\" \/>\n<meta property=\"og:site_name\" content=\"Woodslide\" \/>\n<meta property=\"article:modified_time\" content=\"2019-02-19T14:32:44+00:00\" \/>\n<meta property=\"og:image\" content=\"https:\/\/woodslide.com\/wp-content\/uploads\/temoignage-01.jpg\" \/>\n<meta name=\"twitter:card\" content=\"summary_large_image\" \/>\n<meta name=\"twitter:label1\" content=\"Est. reading time\" \/>\n\t<meta name=\"twitter:data1\" content=\"9 minutes\" \/>\n<script type=\"application\/ld+json\" class=\"yoast-schema-graph\">{\"@context\":\"https:\\\/\\\/schema.org\",\"@graph\":[{\"@type\":\"WebPage\",\"@id\":\"https:\\\/\\\/woodslide.com\\\/en\\\/testimonials\\\/\",\"url\":\"https:\\\/\\\/woodslide.com\\\/en\\\/testimonials\\\/\",\"name\":\"Testimonials - Woodslide\",\"isPartOf\":{\"@id\":\"https:\\\/\\\/woodslide.com\\\/en\\\/#website\"},\"primaryImageOfPage\":{\"@id\":\"https:\\\/\\\/woodslide.com\\\/en\\\/testimonials\\\/#primaryimage\"},\"image\":{\"@id\":\"https:\\\/\\\/woodslide.com\\\/en\\\/testimonials\\\/#primaryimage\"},\"thumbnailUrl\":\"https:\\\/\\\/woodslide.com\\\/wp-content\\\/uploads\\\/temoignage-01.jpg\",\"datePublished\":\"2019-01-26T08:00:36+00:00\",\"dateModified\":\"2019-02-19T14:32:44+00:00\",\"breadcrumb\":{\"@id\":\"https:\\\/\\\/woodslide.com\\\/en\\\/testimonials\\\/#breadcrumb\"},\"inLanguage\":\"en-US\",\"potentialAction\":[{\"@type\":\"ReadAction\",\"target\":[\"https:\\\/\\\/woodslide.com\\\/en\\\/testimonials\\\/\"]}]},{\"@type\":\"ImageObject\",\"inLanguage\":\"en-US\",\"@id\":\"https:\\\/\\\/woodslide.com\\\/en\\\/testimonials\\\/#primaryimage\",\"url\":\"https:\\\/\\\/woodslide.com\\\/wp-content\\\/uploads\\\/temoignage-01.jpg\",\"contentUrl\":\"https:\\\/\\\/woodslide.com\\\/wp-content\\\/uploads\\\/temoignage-01.jpg\"},{\"@type\":\"BreadcrumbList\",\"@id\":\"https:\\\/\\\/woodslide.com\\\/en\\\/testimonials\\\/#breadcrumb\",\"itemListElement\":[{\"@type\":\"ListItem\",\"position\":1,\"name\":\"Accueil\",\"item\":\"https:\\\/\\\/woodslide.com\\\/en\\\/\"},{\"@type\":\"ListItem\",\"position\":2,\"name\":\"Testimonials\"}]},{\"@type\":\"WebSite\",\"@id\":\"https:\\\/\\\/woodslide.com\\\/en\\\/#website\",\"url\":\"https:\\\/\\\/woodslide.com\\\/en\\\/\",\"name\":\"Woodslide\",\"description\":\"Le didgeridoo accordable\",\"potentialAction\":[{\"@type\":\"SearchAction\",\"target\":{\"@type\":\"EntryPoint\",\"urlTemplate\":\"https:\\\/\\\/woodslide.com\\\/en\\\/?s={search_term_string}\"},\"query-input\":{\"@type\":\"PropertyValueSpecification\",\"valueRequired\":true,\"valueName\":\"search_term_string\"}}],\"inLanguage\":\"en-US\"}]}<\/script>\n<!-- \/ Yoast SEO plugin. -->","yoast_head_json":{"title":"Testimonials - Woodslide","robots":{"index":"index","follow":"follow","max-snippet":"max-snippet:-1","max-image-preview":"max-image-preview:large","max-video-preview":"max-video-preview:-1"},"canonical":"https:\/\/woodslide.com\/en\/testimonials\/","og_locale":"en_US","og_type":"article","og_title":"Testimonials - Woodslide","og_description":"They play and talk about the WoodSlide Alberto Aparici Spain \u00ab\u00a0From the moment I had it in my hands I could see the good work of this didgeridoo. The tunings are very well achieved and its sound in all its tunings is very good I use it with other musicians and they think their sound [&hellip;]","og_url":"https:\/\/woodslide.com\/en\/testimonials\/","og_site_name":"Woodslide","article_modified_time":"2019-02-19T14:32:44+00:00","og_image":[{"url":"https:\/\/woodslide.com\/wp-content\/uploads\/temoignage-01.jpg","type":"","width":"","height":""}],"twitter_card":"summary_large_image","twitter_misc":{"Est. reading time":"9 minutes"},"schema":{"@context":"https:\/\/schema.org","@graph":[{"@type":"WebPage","@id":"https:\/\/woodslide.com\/en\/testimonials\/","url":"https:\/\/woodslide.com\/en\/testimonials\/","name":"Testimonials - Woodslide","isPartOf":{"@id":"https:\/\/woodslide.com\/en\/#website"},"primaryImageOfPage":{"@id":"https:\/\/woodslide.com\/en\/testimonials\/#primaryimage"},"image":{"@id":"https:\/\/woodslide.com\/en\/testimonials\/#primaryimage"},"thumbnailUrl":"https:\/\/woodslide.com\/wp-content\/uploads\/temoignage-01.jpg","datePublished":"2019-01-26T08:00:36+00:00","dateModified":"2019-02-19T14:32:44+00:00","breadcrumb":{"@id":"https:\/\/woodslide.com\/en\/testimonials\/#breadcrumb"},"inLanguage":"en-US","potentialAction":[{"@type":"ReadAction","target":["https:\/\/woodslide.com\/en\/testimonials\/"]}]},{"@type":"ImageObject","inLanguage":"en-US","@id":"https:\/\/woodslide.com\/en\/testimonials\/#primaryimage","url":"https:\/\/woodslide.com\/wp-content\/uploads\/temoignage-01.jpg","contentUrl":"https:\/\/woodslide.com\/wp-content\/uploads\/temoignage-01.jpg"},{"@type":"BreadcrumbList","@id":"https:\/\/woodslide.com\/en\/testimonials\/#breadcrumb","itemListElement":[{"@type":"ListItem","position":1,"name":"Accueil","item":"https:\/\/woodslide.com\/en\/"},{"@type":"ListItem","position":2,"name":"Testimonials"}]},{"@type":"WebSite","@id":"https:\/\/woodslide.com\/en\/#website","url":"https:\/\/woodslide.com\/en\/","name":"Woodslide","description":"Le didgeridoo accordable","potentialAction":[{"@type":"SearchAction","target":{"@type":"EntryPoint","urlTemplate":"https:\/\/woodslide.com\/en\/?s={search_term_string}"},"query-input":{"@type":"PropertyValueSpecification","valueRequired":true,"valueName":"search_term_string"}}],"inLanguage":"en-US"}]}},"_links":{"self":[{"href":"https:\/\/woodslide.com\/en\/wp-json\/wp\/v2\/pages\/708","targetHints":{"allow":["GET"]}}],"collection":[{"href":"https:\/\/woodslide.com\/en\/wp-json\/wp\/v2\/pages"}],"about":[{"href":"https:\/\/woodslide.com\/en\/wp-json\/wp\/v2\/types\/page"}],"author":[{"embeddable":true,"href":"https:\/\/woodslide.com\/en\/wp-json\/wp\/v2\/users\/1"}],"replies":[{"embeddable":true,"href":"https:\/\/woodslide.com\/en\/wp-json\/wp\/v2\/comments?post=708"}],"version-history":[{"count":20,"href":"https:\/\/woodslide.com\/en\/wp-json\/wp\/v2\/pages\/708\/revisions"}],"predecessor-version":[{"id":1174,"href":"https:\/\/woodslide.com\/en\/wp-json\/wp\/v2\/pages\/708\/revisions\/1174"}],"wp:attachment":[{"href":"https:\/\/woodslide.com\/en\/wp-json\/wp\/v2\/media?parent=708"}],"curies":[{"name":"wp","href":"https:\/\/api.w.org\/{rel}","templated":true}]}}